{"id":7,"date":"2025-05-10T12:40:57","date_gmt":"2025-05-10T12:40:57","guid":{"rendered":"https:\/\/www.depravedgang.com\/gang\/?page_id=7"},"modified":"2025-05-31T11:09:33","modified_gmt":"2025-05-31T11:09:33","slug":"accueil","status":"publish","type":"page","link":"https:\/\/www.depravedgang.com\/gang\/","title":{"rendered":"Accueil"},"content":{"rendered":"<div class=\"\" style=\"\" >\n    \n    <section class=\"u-clearfix u-section-2\" id=\"block-3\">\n      <div class=\"u-clearfix u-sheet u-sheet-1\">\n        <img decoding=\"async\" class=\"u-image u-image-contain u-image-default u-image-1\" src=\"https:\/\/www.depravedgang.com\/gang\/wp-content\/uploads\/2025\/05\/image91-scaled.png\" alt=\"\" data-image-width=\"960\" data-image-height=\"2625\">\n        <img decoding=\"async\" class=\"u-expanded-height u-hidden-xs u-image u-image-default u-image-2\" src=\"https:\/\/www.depravedgang.com\/gang\/wp-content\/uploads\/2025\/05\/image7.png\" alt=\"\" data-image-width=\"1536\" data-image-height=\"2048\">\n        <div class=\"u-absolute-hcenter u-border-5 u-border-white u-expanded-width-xs u-hidden-xs u-line u-line-horizontal u-line-1\"><\/div>\n        <h2 class=\"u-align-center u-text u-text-body-alt-color u-text-1\" autocomplete=\"off\"> GANGBANG <span class=\"u-text-custom-color-1\">PRIV\u00c9<\/span> avec ou sans CAPOTE<br>L\u2019exp\u00e9rience ultime du plaisir <span class=\"u-text-custom-color-1\">sans limites<\/span>\n        <\/h2>\n        <div class=\"u-border-5 u-border-white u-expanded-width-xs u-hidden-xs u-line u-line-horizontal u-line-2\"><\/div>\n        <h2 class=\"u-align-center u-text u-text-body-alt-color u-text-2\"> Show \u00e9rotique en ouverture<br>Strip-Tease, Show Lesbien &amp; plus encore...\n        <\/h2>\n        <h2 class=\"u-align-center u-text u-text-body-alt-color u-text-3\"> APR\u00c8S LE SHOW\u2026 LE VRAI PLAISIR COMMENCE<\/h2>\n        <h2 class=\"u-align-center u-text u-text-body-alt-color u-text-4\"><span style=\"font-weight: 700;\"> &#x1f48b;<\/span><span style=\"font-size: 1.875rem;\"><span style=\"font-weight: 700;\">Elles sont belles, <span class=\"u-text-custom-color-1\">chaudes<\/span>, pr\u00eates \u00e0 tout recevoir.<br><\/span><span style=\"font-weight: 700;\">Des filles <span class=\"u-text-custom-color-1\">d\u00e9cha\u00een\u00e9es<\/span>, offertes, align\u00e9es, pr\u00eates \u00e0 se faire baiser, <span class=\"u-text-custom-color-1\">remplir<\/span>, d\u00e9monter.<br>&nbsp;Ici, les r\u00f4les sont clairs : elles s\u2019offrent <span class=\"u-text-custom-color-1\">sans tabous<\/span>, dans le <span class=\"u-text-custom-color-1\">respect<\/span> du plaisir.<\/span><\/span><span style=\"font-weight: 700;\">&nbsp;<\/span>\n        <\/h2>\n        <h2 class=\"u-align-center u-text u-text-body-alt-color u-text-5\" autocomplete=\"off\"> Elles sont pr\u00eates - n\u2019attendent plus que vous.<\/h2>\n      <\/div>\n    <\/section>\n    \n    \n    \n    \n  \n<\/div>","protected":false},"excerpt":{"rendered":"<p>GANGBANG PRIV\u00c9 avec ou sans CAPOTEL\u2019exp\u00e9rience ultime du plaisir sans limites Show \u00e9rotique en ouvertureStrip-Tease, Show Lesbien &amp; plus encore&#8230; APR\u00c8S LE SHOW\u2026 LE VRAI&hellip;<\/p>\n","protected":false},"author":1,"featured_media":0,"parent":0,"menu_order":0,"comment_status":"closed","ping_status":"closed","template":"","meta":{"pagelayer_contact_templates":[],"_pagelayer_content":"","footnotes":""},"class_list":["post-7","page","type-page","status-publish","hentry"],"_links":{"self":[{"href":"https:\/\/www.depravedgang.com\/gang\/wp-json\/wp\/v2\/pages\/7","targetHints":{"allow":["GET"]}}],"collection":[{"href":"https:\/\/www.depravedgang.com\/gang\/wp-json\/wp\/v2\/pages"}],"about":[{"href":"https:\/\/www.depravedgang.com\/gang\/wp-json\/wp\/v2\/types\/page"}],"author":[{"embeddable":true,"href":"https:\/\/www.depravedgang.com\/gang\/wp-json\/wp\/v2\/users\/1"}],"replies":[{"embeddable":true,"href":"https:\/\/www.depravedgang.com\/gang\/wp-json\/wp\/v2\/comments?post=7"}],"version-history":[{"count":6,"href":"https:\/\/www.depravedgang.com\/gang\/wp-json\/wp\/v2\/pages\/7\/revisions"}],"predecessor-version":[{"id":180,"href":"https:\/\/www.depravedgang.com\/gang\/wp-json\/wp\/v2\/pages\/7\/revisions\/180"}],"wp:attachment":[{"href":"https:\/\/www.depravedgang.com\/gang\/wp-json\/wp\/v2\/media?parent=7"}],"curies":[{"name":"wp","href":"https:\/\/api.w.org\/{rel}","templated":true}]}}