{"id":45,"date":"2025-05-10T13:22:07","date_gmt":"2025-05-10T13:22:07","guid":{"rendered":"https:\/\/www.depravedgang.com\/gang\/?page_id=45"},"modified":"2025-05-31T12:48:10","modified_gmt":"2025-05-31T12:48:10","slug":"contact","status":"publish","type":"page","link":"https:\/\/www.depravedgang.com\/gang\/contact\/","title":{"rendered":"Contact"},"content":{"rendered":"<div class=\"\" style=\"\" >\n    \n    <section class=\"u-clearfix u-section-2\" id=\"sec-9030\">\n      <div class=\"u-clearfix u-sheet u-valign-middle-lg u-valign-middle-md u-valign-middle-sm u-sheet-1\">\n        <img decoding=\"async\" class=\"u-hidden-xs u-image u-image-default u-image-1\" src=\"https:\/\/www.depravedgang.com\/gang\/wp-content\/uploads\/2025\/05\/image-scaled.png\" alt=\"\" data-image-width=\"1920\" data-image-height=\"2560\">\n        <div class=\"data-layout-selected u-clearfix u-expanded-width-xs u-layout-wrap u-layout-wrap-1\">\n          <div class=\"u-layout\">\n            <div class=\"u-layout-row\">\n              <div class=\"u-container-style u-grey-5 u-layout-cell u-size-60 u-layout-cell-1\">\n                <div class=\"u-container-layout u-valign-top u-container-layout-1\">\n                  <h2 class=\"u-text u-text-default u-text-1\">Nous sommes l\u00e0 pour vous aider<\/h2>\n                  <div class=\"custom-expanded u-form u-form-1\">\n                    <form action=\"https:\/\/forms.nicepagesrv.com\/v2\/form\/process\" class=\"u-clearfix u-form-spacing-10 u-form-vertical u-inner-form\" source=\"email\" name=\"form\" style=\"padding: 0px;\">\n                      <div class=\"u-form-group u-form-name\">\n                        <label for=\"name-c817\" class=\"u-label\">Pr\u00e9nom <\/label>\n                        <input type=\"text\" placeholder=\"Entrer votre pr\u00e9nom\" id=\"name-c817\" name=\"name\" class=\"u-border-none u-input u-input-rectangle\" required=\"\">\n                      <\/div>\n                      <div class=\"u-form-email u-form-group\">\n                        <label for=\"email-c817\" class=\"u-label\">Email<\/label>\n                        <input type=\"email\" placeholder=\"Enter une adresse Email valide\" id=\"email-c817\" name=\"email\" class=\"u-border-none u-input u-input-rectangle\" required=\"\">\n                      <\/div>\n                      <div class=\"u-form-group u-form-message\">\n                        <label for=\"message-c817\" class=\"u-label\">Message<\/label>\n                        <textarea placeholder=\"Entrer votre message\" rows=\"4\" cols=\"50\" id=\"message-c817\" name=\"message\" class=\"u-border-none u-input u-input-rectangle\" required=\"\"><\/textarea>\n                      <\/div>\n                      <div class=\"u-align-left u-form-group u-form-submit\">\n                        <a href=\"#\" class=\"u-btn u-btn-submit u-button-style\">Soumettre<\/a>\n                        <input type=\"submit\" value=\"submit\" class=\"u-form-control-hidden\">\n                      <\/div>\n                      <div class=\"u-form-send-message u-form-send-success\">Merci ! Votre message a \u00e9t\u00e9 envoy\u00e9.<\/div>\n                      <div class=\"u-form-send-error u-form-send-message\">Impossible d'envoyer votre message. Merci de corriger les erreurs et r\u00e9essayer.<\/div>\n                      <input type=\"hidden\" value=\"\" name=\"recaptchaResponse\">\n                      <input type=\"hidden\" name=\"formServices\" value=\"f3affa04-99cc-043e-c9e2-91ba5d9e6856\">\n                    <\/form>\n                  <\/div>\n                <\/div>\n              <\/div>\n            <\/div>\n          <\/div>\n        <\/div>\n        <div class=\"u-expanded-width-xs u-shortcode u-shortcode-1\"><div class=\"tnp tnp-subscription \">\n<form method=\"post\" action=\"https:\/\/www.depravedgang.com\/gang\/wp-admin\/admin-ajax.php?action=tnp&amp;na=s\">\n<input type=\"hidden\" name=\"nlang\" value=\"\">\n<div class=\"tnp-field tnp-field-email\"><label for=\"tnp-1\">E-mail<\/label>\n<input class=\"tnp-email\" type=\"email\" name=\"ne\" id=\"tnp-1\" value=\"\" placeholder=\"E-Mail\" required><\/div>\n<div class=\"tnp-field tnp-field-button\" style=\"text-align: left\"><input class=\"tnp-submit\" type=\"submit\" value=\"S&#039;abonner\" style=\"\">\n<\/div>\n<\/form>\n<\/div>\n<\/div>\n      <\/div>\n    <\/section>\n    \n    \n    \n    \n  \n<\/div>","protected":false},"excerpt":{"rendered":"<p>Nous sommes l\u00e0 pour vous aider Pr\u00e9nom Email Message Soumettre Merci ! Votre message a \u00e9t\u00e9 envoy\u00e9. Impossible d&rsquo;envoyer votre message. Merci de corriger les&hellip;<\/p>\n","protected":false},"author":1,"featured_media":0,"parent":0,"menu_order":0,"comment_status":"closed","ping_status":"closed","template":"","meta":{"pagelayer_contact_templates":[],"_pagelayer_content":"","footnotes":""},"class_list":["post-45","page","type-page","status-publish","hentry"],"_links":{"self":[{"href":"https:\/\/www.depravedgang.com\/gang\/wp-json\/wp\/v2\/pages\/45","targetHints":{"allow":["GET"]}}],"collection":[{"href":"https:\/\/www.depravedgang.com\/gang\/wp-json\/wp\/v2\/pages"}],"about":[{"href":"https:\/\/www.depravedgang.com\/gang\/wp-json\/wp\/v2\/types\/page"}],"author":[{"embeddable":true,"href":"https:\/\/www.depravedgang.com\/gang\/wp-json\/wp\/v2\/users\/1"}],"replies":[{"embeddable":true,"href":"https:\/\/www.depravedgang.com\/gang\/wp-json\/wp\/v2\/comments?post=45"}],"version-history":[{"count":7,"href":"https:\/\/www.depravedgang.com\/gang\/wp-json\/wp\/v2\/pages\/45\/revisions"}],"predecessor-version":[{"id":193,"href":"https:\/\/www.depravedgang.com\/gang\/wp-json\/wp\/v2\/pages\/45\/revisions\/193"}],"wp:attachment":[{"href":"https:\/\/www.depravedgang.com\/gang\/wp-json\/wp\/v2\/media?parent=45"}],"curies":[{"name":"wp","href":"https:\/\/api.w.org\/{rel}","templated":true}]}}