{"id":25,"date":"2025-05-10T13:12:09","date_gmt":"2025-05-10T13:12:09","guid":{"rendered":"https:\/\/www.depravedgang.com\/gang\/?page_id=25"},"modified":"2026-04-21T20:36:52","modified_gmt":"2026-04-21T18:36:52","slug":"event","status":"publish","type":"page","link":"https:\/\/www.depravedgang.com\/gang\/event\/","title":{"rendered":"Events"},"content":{"rendered":"<div class=\"\" style=\"\" >\n    \n    <section class=\"u-clearfix u-section-2\" id=\"sec-2ecb\">\n      <div class=\"u-clearfix u-sheet u-valign-middle u-sheet-1\">\n        <h1 class=\"u-custom-font u-font-montserrat u-text u-text-white u-text-1\" autocomplete=\"off\">\u00c9v\u00e9nements&nbsp;<\/h1>\n      <\/div>\n    <\/section>\n    <section class=\"u-clearfix u-container-align-center u-section-3\" id=\"block-5\">\n      <div class=\"u-clearfix u-sheet u-valign-middle u-sheet-1\">\n        <div class=\"u-border-5 u-border-white u-line u-line-horizontal u-line-1\"><\/div>\n      <\/div>\n    <\/section>\n    <section class=\"u-clearfix u-lightbox u-section-4\" id=\"sec-0eeb\">\n      <div class=\"u-clearfix u-sheet u-valign-middle-lg u-valign-middle-md u-valign-middle-sm u-valign-middle-xl u-sheet-1\">\n        <h3 class=\"u-text u-text-white u-text-1\" data-animation-name=\"counter\" data-animation-event=\"scroll\" data-animation-duration=\"3000\">15<\/h3>\n        <img decoding=\"async\" class=\"u-image u-image-default u-image-1\" src=\"https:\/\/www.depravedgang.com\/gang\/wp-content\/uploads\/2026\/04\/12-05-2026.jpg\" alt=\"\" data-image-width=\"1200\" data-image-height=\"1371\">\n        <h2 class=\"u-text u-text-default u-text-white u-text-2\"> Nombre de place disponible <\/h2>\n        <h2 class=\"u-custom-font u-font-montserrat u-text u-text-white u-text-3\" autocomplete=\"off\">GANGBANG DEPRAVED <\/h2>\n        <h5 class=\"u-custom-font u-font-montserrat u-text u-text-white u-text-4\" autocomplete=\"off\">12-05-2026<\/h5>\n        <h5 class=\"u-custom-font u-font-montserrat u-text u-text-white u-text-5\" autocomplete=\"off\">12H - 16H&nbsp;<\/h5>\n        <h5 class=\"u-custom-font u-font-montserrat u-text u-text-white u-text-6\" autocomplete=\"off\">Beloeil<\/h5>\n        <h5 class=\"u-custom-font u-font-montserrat u-text u-text-white u-text-7\" autocomplete=\"off\">INFO &amp; R\u00e9SERVATION&nbsp;<\/h5>\n        <h5 class=\"u-custom-font u-font-montserrat u-text u-text-white u-text-8\" autocomplete=\"off\">WHATSAPP :&nbsp;<span style=\"font-size: 1.125rem;\">+32 (0) 472 04 38 54<\/span>\n        <\/h5>\n      <\/div>\n    <\/section>\n    <section class=\"u-clearfix u-container-align-center u-section-5\" id=\"block-6\">\n      <div class=\"u-clearfix u-sheet u-valign-middle u-sheet-1\">\n        <div class=\"u-border-5 u-border-white u-line u-line-horizontal u-line-1\"><\/div>\n      <\/div>\n    <\/section>\n    \n    \n    \n    \n  \n<\/div>","protected":false},"excerpt":{"rendered":"<p>\u00c9v\u00e9nements&nbsp; 15 Nombre de place disponible GANGBANG DEPRAVED 12-05-2026 12H &#8211; 16H&nbsp; Beloeil INFO &amp; R\u00e9SERVATION&nbsp; WHATSAPP :&nbsp;+32 (0) 472 04 38 54<\/p>\n","protected":false},"author":1,"featured_media":0,"parent":0,"menu_order":0,"comment_status":"closed","ping_status":"closed","template":"","meta":{"pagelayer_contact_templates":[],"_pagelayer_content":"","footnotes":""},"class_list":["post-25","page","type-page","status-publish","hentry"],"_links":{"self":[{"href":"https:\/\/www.depravedgang.com\/gang\/wp-json\/wp\/v2\/pages\/25","targetHints":{"allow":["GET"]}}],"collection":[{"href":"https:\/\/www.depravedgang.com\/gang\/wp-json\/wp\/v2\/pages"}],"about":[{"href":"https:\/\/www.depravedgang.com\/gang\/wp-json\/wp\/v2\/types\/page"}],"author":[{"embeddable":true,"href":"https:\/\/www.depravedgang.com\/gang\/wp-json\/wp\/v2\/users\/1"}],"replies":[{"embeddable":true,"href":"https:\/\/www.depravedgang.com\/gang\/wp-json\/wp\/v2\/comments?post=25"}],"version-history":[{"count":72,"href":"https:\/\/www.depravedgang.com\/gang\/wp-json\/wp\/v2\/pages\/25\/revisions"}],"predecessor-version":[{"id":273,"href":"https:\/\/www.depravedgang.com\/gang\/wp-json\/wp\/v2\/pages\/25\/revisions\/273"}],"wp:attachment":[{"href":"https:\/\/www.depravedgang.com\/gang\/wp-json\/wp\/v2\/media?parent=25"}],"curies":[{"name":"wp","href":"https:\/\/api.w.org\/{rel}","templated":true}]}}